{"id":288,"date":"2025-05-14T13:43:58","date_gmt":"2025-05-14T13:43:58","guid":{"rendered":"https:\/\/floraharmoni.se\/?page_id=288"},"modified":"2025-05-14T13:43:58","modified_gmt":"2025-05-14T13:43:58","slug":"blomsterboden","status":"publish","type":"page","link":"https:\/\/floraharmoni.se\/?page_id=288","title":{"rendered":"Blomsterboden"},"content":{"rendered":"\n<p class=\"has-text-align-center\">V\u00e4lkommen till min blomsterbod med den enkla sj\u00e4lvservicen Swish &amp; Grab. Det blir inte enklare \u00e4n s\u00e5h\u00e4r att k\u00f6pa blommor!<\/p>\n\n\n\n<p class=\"has-text-align-center\">Under 2025 bygger vi en ny permanent blomsterbod p\u00e5 uppfarten och ber oom urs\u00e4kt f\u00f6r r\u00f6ran som uppst\u00e5r i byggnadsperioden. Det var helt enkelt behov f\u00f6r mer plats och vi hoppas och tror att den nya blomsterboden ska f\u00f6rb\u00e4ttra k\u00f6pupplevelsen \u00e4nnu lite mer f\u00f6r v\u00e5ra kunder.<\/p>\n\n\n\n<p class=\"has-text-align-center\">Jag f\u00f6ljer \u00e5stiden och erbjuder buketter, buntar, kransar, dahlior, l\u00f6kv\u00e4xter och h\u00e4rodlade plantor med mera under s\u00e4songen.<\/p>\n\n\n\n<p class=\"has-text-align-center\">Blomsterboden har \u00f6ppet n\u00e4stan hela \u00e5ret, med undantag f\u00f6r januari m\u00e5nad d\u00e5 jag tar lite ledigt. <br>\u00d6ppettiderna \u00e4r vanligtvis vardagar 8-20 och l\u00f6rdag &amp; s\u00f6ndag 10-18. Med reservation f\u00f6r \u00e4ndringar och slutf\u00f6rs\u00e4ljning. Alla \u00e4ndringar kommuniceras ut via instagram f\u00f6r att undvika missf\u00f6rst\u00e5nd.<\/p>\n\n\n\n<p class=\"has-text-align-center\">Vill du s\u00e4kra din bukett inf\u00f6r n\u00e5got speciellt tillf\u00e4lle g\u00e5r det naturligtvis bra att f\u00f6rboka f\u00f6r att sedan h\u00e4mta den i blomosterboden enligt \u00f6verrenskommelse.<br>Du \u00e4r v\u00e4lkommen att maila mig p\u00e5 <a href=\"mailto:info@floraharmoni.se\">info@floraharmoni.se<\/a> med din bokningsf\u00f6rfr\u00e5gan.<\/p>\n\n\n\n<p class=\"has-text-align-center\">V\u00e4lkommen till blomsterboden p\u00e5 Vallgatan 16, Andersl\u00f6v<\/p>\n\n\n\n<div class=\"wp-block-jetpack-tiled-gallery aligncenter is-style-rectangular\"><div class=\"\"><div class=\"tiled-gallery__gallery\"><div class=\"tiled-gallery__row\"><div class=\"tiled-gallery__col\" style=\"flex-basis:66.74718%\"><figure class=\"tiled-gallery__item\"><img decoding=\"async\" srcset=\"https:\/\/i0.wp.com\/floraharmoni.se\/wp-content\/uploads\/2025\/05\/IMG_5891-1-1024x1024.jpg?strip=info&#038;w=600&#038;ssl=1 600w,https:\/\/i0.wp.com\/floraharmoni.se\/wp-content\/uploads\/2025\/05\/IMG_5891-1-1024x1024.jpg?strip=info&#038;w=900&#038;ssl=1 900w,https:\/\/i0.wp.com\/floraharmoni.se\/wp-content\/uploads\/2025\/05\/IMG_5891-1-1024x1024.jpg?strip=info&#038;w=1200&#038;ssl=1 1200w,https:\/\/i0.wp.com\/floraharmoni.se\/wp-content\/uploads\/2025\/05\/IMG_5891-1-1024x1024.jpg?strip=info&#038;w=1500&#038;ssl=1 1500w,https:\/\/i0.wp.com\/floraharmoni.se\/wp-content\/uploads\/2025\/05\/IMG_5891-1-1024x1024.jpg?strip=info&#038;w=1800&#038;ssl=1 1800w,https:\/\/i0.wp.com\/floraharmoni.se\/wp-content\/uploads\/2025\/05\/IMG_5891-1-1024x1024.jpg?strip=info&#038;w=2000&#038;ssl=1 2000w\" alt=\"\" data-height=\"2560\" data-id=\"289\" data-link=\"https:\/\/floraharmoni.se\/?attachment_id=289\" data-url=\"https:\/\/floraharmoni.se\/wp-content\/uploads\/2025\/05\/IMG_5891-1-1024x1024.jpg\" data-width=\"2560\" src=\"https:\/\/i0.wp.com\/floraharmoni.se\/wp-content\/uploads\/2025\/05\/IMG_5891-1-1024x1024.jpg?ssl=1\" data-amp-layout=\"responsive\" tabindex=\"0\" role=\"button\" aria-label=\"\u00d6ppna bild 1 av 6 i fullsk\u00e4rm\"\/><\/figure><\/div><div class=\"tiled-gallery__col\" style=\"flex-basis:33.25282%\"><figure class=\"tiled-gallery__item\"><img decoding=\"async\" srcset=\"https:\/\/i0.wp.com\/floraharmoni.se\/wp-content\/uploads\/2025\/05\/IMG_6175-1-1024x1024.jpg?strip=info&#038;w=600&#038;ssl=1 600w,https:\/\/i0.wp.com\/floraharmoni.se\/wp-content\/uploads\/2025\/05\/IMG_6175-1-1024x1024.jpg?strip=info&#038;w=900&#038;ssl=1 900w,https:\/\/i0.wp.com\/floraharmoni.se\/wp-content\/uploads\/2025\/05\/IMG_6175-1-1024x1024.jpg?strip=info&#038;w=1200&#038;ssl=1 1200w,https:\/\/i0.wp.com\/floraharmoni.se\/wp-content\/uploads\/2025\/05\/IMG_6175-1-1024x1024.jpg?strip=info&#038;w=1500&#038;ssl=1 1500w,https:\/\/i0.wp.com\/floraharmoni.se\/wp-content\/uploads\/2025\/05\/IMG_6175-1-1024x1024.jpg?strip=info&#038;w=1800&#038;ssl=1 1800w,https:\/\/i0.wp.com\/floraharmoni.se\/wp-content\/uploads\/2025\/05\/IMG_6175-1-1024x1024.jpg?strip=info&#038;w=2000&#038;ssl=1 2000w\" alt=\"\" data-height=\"2560\" data-id=\"290\" data-link=\"https:\/\/floraharmoni.se\/?attachment_id=290\" data-url=\"https:\/\/floraharmoni.se\/wp-content\/uploads\/2025\/05\/IMG_6175-1-1024x1024.jpg\" data-width=\"2560\" src=\"https:\/\/i0.wp.com\/floraharmoni.se\/wp-content\/uploads\/2025\/05\/IMG_6175-1-1024x1024.jpg?ssl=1\" data-amp-layout=\"responsive\" tabindex=\"0\" role=\"button\" aria-label=\"\u00d6ppna bild 2 av 6 i fullsk\u00e4rm\"\/><\/figure><figure class=\"tiled-gallery__item\"><img decoding=\"async\" srcset=\"https:\/\/i0.wp.com\/floraharmoni.se\/wp-content\/uploads\/2025\/05\/IMG_5889-1024x1024.jpg?strip=info&#038;w=600&#038;ssl=1 600w,https:\/\/i0.wp.com\/floraharmoni.se\/wp-content\/uploads\/2025\/05\/IMG_5889-1024x1024.jpg?strip=info&#038;w=900&#038;ssl=1 900w,https:\/\/i0.wp.com\/floraharmoni.se\/wp-content\/uploads\/2025\/05\/IMG_5889-1024x1024.jpg?strip=info&#038;w=1200&#038;ssl=1 1200w,https:\/\/i0.wp.com\/floraharmoni.se\/wp-content\/uploads\/2025\/05\/IMG_5889-1024x1024.jpg?strip=info&#038;w=1500&#038;ssl=1 1500w,https:\/\/i0.wp.com\/floraharmoni.se\/wp-content\/uploads\/2025\/05\/IMG_5889-1024x1024.jpg?strip=info&#038;w=1800&#038;ssl=1 1800w,https:\/\/i0.wp.com\/floraharmoni.se\/wp-content\/uploads\/2025\/05\/IMG_5889-1024x1024.jpg?strip=info&#038;w=2000&#038;ssl=1 2000w\" alt=\"\" data-height=\"2560\" data-id=\"292\" data-link=\"https:\/\/floraharmoni.se\/?attachment_id=292\" data-url=\"https:\/\/floraharmoni.se\/wp-content\/uploads\/2025\/05\/IMG_5889-1024x1024.jpg\" data-width=\"2560\" src=\"https:\/\/i0.wp.com\/floraharmoni.se\/wp-content\/uploads\/2025\/05\/IMG_5889-1024x1024.jpg?ssl=1\" data-amp-layout=\"responsive\" tabindex=\"0\" role=\"button\" aria-label=\"\u00d6ppna bild 3 av 6 i fullsk\u00e4rm\"\/><\/figure><\/div><\/div><div class=\"tiled-gallery__row\"><div class=\"tiled-gallery__col\" style=\"flex-basis:33.33333%\"><figure class=\"tiled-gallery__item\"><img decoding=\"async\" srcset=\"https:\/\/i0.wp.com\/floraharmoni.se\/wp-content\/uploads\/2025\/05\/IMG_5869-1024x1024.jpg?strip=info&#038;w=600&#038;ssl=1 600w,https:\/\/i0.wp.com\/floraharmoni.se\/wp-content\/uploads\/2025\/05\/IMG_5869-1024x1024.jpg?strip=info&#038;w=900&#038;ssl=1 900w,https:\/\/i0.wp.com\/floraharmoni.se\/wp-content\/uploads\/2025\/05\/IMG_5869-1024x1024.jpg?strip=info&#038;w=1200&#038;ssl=1 1200w,https:\/\/i0.wp.com\/floraharmoni.se\/wp-content\/uploads\/2025\/05\/IMG_5869-1024x1024.jpg?strip=info&#038;w=1500&#038;ssl=1 1500w,https:\/\/i0.wp.com\/floraharmoni.se\/wp-content\/uploads\/2025\/05\/IMG_5869-1024x1024.jpg?strip=info&#038;w=1800&#038;ssl=1 1800w,https:\/\/i0.wp.com\/floraharmoni.se\/wp-content\/uploads\/2025\/05\/IMG_5869-1024x1024.jpg?strip=info&#038;w=2000&#038;ssl=1 2000w\" alt=\"\" data-height=\"2560\" data-id=\"293\" data-link=\"https:\/\/floraharmoni.se\/?attachment_id=293\" data-url=\"https:\/\/floraharmoni.se\/wp-content\/uploads\/2025\/05\/IMG_5869-1024x1024.jpg\" data-width=\"2560\" src=\"https:\/\/i0.wp.com\/floraharmoni.se\/wp-content\/uploads\/2025\/05\/IMG_5869-1024x1024.jpg?ssl=1\" data-amp-layout=\"responsive\" tabindex=\"0\" role=\"button\" aria-label=\"\u00d6ppna bild 4 av 6 i fullsk\u00e4rm\"\/><\/figure><\/div><div class=\"tiled-gallery__col\" style=\"flex-basis:33.33333%\"><figure class=\"tiled-gallery__item\"><img decoding=\"async\" srcset=\"https:\/\/i0.wp.com\/floraharmoni.se\/wp-content\/uploads\/2025\/05\/IMG_6382-1024x1024.jpg?strip=info&#038;w=600&#038;ssl=1 600w,https:\/\/i0.wp.com\/floraharmoni.se\/wp-content\/uploads\/2025\/05\/IMG_6382-1024x1024.jpg?strip=info&#038;w=900&#038;ssl=1 900w,https:\/\/i0.wp.com\/floraharmoni.se\/wp-content\/uploads\/2025\/05\/IMG_6382-1024x1024.jpg?strip=info&#038;w=1200&#038;ssl=1 1200w,https:\/\/i0.wp.com\/floraharmoni.se\/wp-content\/uploads\/2025\/05\/IMG_6382-1024x1024.jpg?strip=info&#038;w=1500&#038;ssl=1 1500w,https:\/\/i0.wp.com\/floraharmoni.se\/wp-content\/uploads\/2025\/05\/IMG_6382-1024x1024.jpg?strip=info&#038;w=1800&#038;ssl=1 1800w,https:\/\/i0.wp.com\/floraharmoni.se\/wp-content\/uploads\/2025\/05\/IMG_6382-1024x1024.jpg?strip=info&#038;w=2000&#038;ssl=1 2000w\" alt=\"\" data-height=\"2560\" data-id=\"294\" data-link=\"https:\/\/floraharmoni.se\/?attachment_id=294\" data-url=\"https:\/\/floraharmoni.se\/wp-content\/uploads\/2025\/05\/IMG_6382-1024x1024.jpg\" data-width=\"2560\" src=\"https:\/\/i0.wp.com\/floraharmoni.se\/wp-content\/uploads\/2025\/05\/IMG_6382-1024x1024.jpg?ssl=1\" data-amp-layout=\"responsive\" tabindex=\"0\" role=\"button\" aria-label=\"\u00d6ppna bild 5 av 6 i fullsk\u00e4rm\"\/><\/figure><\/div><div class=\"tiled-gallery__col\" style=\"flex-basis:33.33333%\"><figure class=\"tiled-gallery__item\"><img decoding=\"async\" srcset=\"https:\/\/i0.wp.com\/floraharmoni.se\/wp-content\/uploads\/2025\/05\/IMG_6351-1024x1024.jpg?strip=info&#038;w=600&#038;ssl=1 600w,https:\/\/i0.wp.com\/floraharmoni.se\/wp-content\/uploads\/2025\/05\/IMG_6351-1024x1024.jpg?strip=info&#038;w=900&#038;ssl=1 900w,https:\/\/i0.wp.com\/floraharmoni.se\/wp-content\/uploads\/2025\/05\/IMG_6351-1024x1024.jpg?strip=info&#038;w=1200&#038;ssl=1 1200w,https:\/\/i0.wp.com\/floraharmoni.se\/wp-content\/uploads\/2025\/05\/IMG_6351-1024x1024.jpg?strip=info&#038;w=1500&#038;ssl=1 1500w,https:\/\/i0.wp.com\/floraharmoni.se\/wp-content\/uploads\/2025\/05\/IMG_6351-1024x1024.jpg?strip=info&#038;w=1800&#038;ssl=1 1800w,https:\/\/i0.wp.com\/floraharmoni.se\/wp-content\/uploads\/2025\/05\/IMG_6351-1024x1024.jpg?strip=info&#038;w=2000&#038;ssl=1 2000w\" alt=\"\" data-height=\"2560\" data-id=\"295\" data-link=\"https:\/\/floraharmoni.se\/?attachment_id=295\" data-url=\"https:\/\/floraharmoni.se\/wp-content\/uploads\/2025\/05\/IMG_6351-1024x1024.jpg\" data-width=\"2560\" src=\"https:\/\/i0.wp.com\/floraharmoni.se\/wp-content\/uploads\/2025\/05\/IMG_6351-1024x1024.jpg?ssl=1\" data-amp-layout=\"responsive\" tabindex=\"0\" role=\"button\" aria-label=\"\u00d6ppna bild 6 av 6 i fullsk\u00e4rm\"\/><\/figure><\/div><\/div><\/div><\/div><\/div>\n","protected":false},"excerpt":{"rendered":"<p>V\u00e4lkommen till min blomsterbod med den enkla sj\u00e4lvservicen Swish &amp; Grab. Det blir inte enklare \u00e4n s\u00e5h\u00e4r att k\u00f6pa blommor! Under 2025 bygger vi en ny permanent blomsterbod p\u00e5 uppfarten och ber oom urs\u00e4kt f\u00f6r r\u00f6ran som uppst\u00e5r i byggnadsperioden. Det var helt enkelt behov f\u00f6r mer plats och vi hoppas och tror att den nya blomsterboden ska f\u00f6rb\u00e4ttra k\u00f6pupplevelsen \u00e4nnu lite mer f\u00f6r v\u00e5ra kunder. Jag f\u00f6ljer \u00e5stiden och erbjuder buketter, buntar, kransar, dahlior, l\u00f6kv\u00e4xter och h\u00e4rodlade plantor med mera under s\u00e4songen. Blomsterboden har \u00f6ppet n\u00e4stan hela \u00e5ret, med undantag f\u00f6r januari m\u00e5nad d\u00e5 jag tar lite ledigt. \u00d6ppettiderna \u00e4r vanligtvis vardagar 8-20 och l\u00f6rdag &amp; s\u00f6ndag 10-18. Med reservation f\u00f6r \u00e4ndringar och slutf\u00f6rs\u00e4ljning. Alla \u00e4ndringar kommuniceras ut via instagram f\u00f6r att undvika missf\u00f6rst\u00e5nd. Vill du s\u00e4kra din bukett inf\u00f6r n\u00e5got speciellt tillf\u00e4lle g\u00e5r det naturligtvis bra att f\u00f6rboka f\u00f6r att sedan h\u00e4mta den i blomosterboden enligt \u00f6verrenskommelse.Du \u00e4r v\u00e4lkommen att maila mig p\u00e5 info@floraharmoni.se med din bokningsf\u00f6rfr\u00e5gan. V\u00e4lkommen till blomsterboden p\u00e5 Vallgatan 16, Andersl\u00f6v<\/p>\n","protected":false},"author":1,"featured_media":0,"parent":0,"menu_order":0,"comment_status":"closed","ping_status":"closed","template":"","meta":{"footnotes":""},"class_list":["post-288","page","type-page","status-publish","hentry"],"jetpack_sharing_enabled":true,"_links":{"self":[{"href":"https:\/\/floraharmoni.se\/index.php?rest_route=\/wp\/v2\/pages\/288","targetHints":{"allow":["GET"]}}],"collection":[{"href":"https:\/\/floraharmoni.se\/index.php?rest_route=\/wp\/v2\/pages"}],"about":[{"href":"https:\/\/floraharmoni.se\/index.php?rest_route=\/wp\/v2\/types\/page"}],"author":[{"embeddable":true,"href":"https:\/\/floraharmoni.se\/index.php?rest_route=\/wp\/v2\/users\/1"}],"replies":[{"embeddable":true,"href":"https:\/\/floraharmoni.se\/index.php?rest_route=%2Fwp%2Fv2%2Fcomments&post=288"}],"version-history":[{"count":1,"href":"https:\/\/floraharmoni.se\/index.php?rest_route=\/wp\/v2\/pages\/288\/revisions"}],"predecessor-version":[{"id":296,"href":"https:\/\/floraharmoni.se\/index.php?rest_route=\/wp\/v2\/pages\/288\/revisions\/296"}],"wp:attachment":[{"href":"https:\/\/floraharmoni.se\/index.php?rest_route=%2Fwp%2Fv2%2Fmedia&parent=288"}],"curies":[{"name":"wp","href":"https:\/\/api.w.org\/{rel}","templated":true}]}}