{"id":128,"date":"2024-04-12T17:48:10","date_gmt":"2024-04-12T17:48:10","guid":{"rendered":"http:\/\/floraharmoni.se\/?page_id=128"},"modified":"2025-05-14T13:56:45","modified_gmt":"2025-05-14T13:56:45","slug":"start","status":"publish","type":"page","link":"https:\/\/floraharmoni.se\/","title":{"rendered":"Start"},"content":{"rendered":"\n<figure class=\"wp-block-gallery has-nested-images columns-default is-cropped wp-block-gallery-1 is-layout-flex wp-block-gallery-is-layout-flex\">\n<figure class=\"wp-block-image size-full\"><img loading=\"lazy\" decoding=\"async\" width=\"2560\" height=\"2560\" data-id=\"273\" src=\"https:\/\/floraharmoni.se\/wp-content\/uploads\/2025\/05\/IMG_6175-scaled.jpg\" alt=\"\" class=\"wp-image-273\" srcset=\"https:\/\/floraharmoni.se\/wp-content\/uploads\/2025\/05\/IMG_6175-scaled.jpg 2560w, https:\/\/floraharmoni.se\/wp-content\/uploads\/2025\/05\/IMG_6175-300x300.jpg 300w, https:\/\/floraharmoni.se\/wp-content\/uploads\/2025\/05\/IMG_6175-1024x1024.jpg 1024w, https:\/\/floraharmoni.se\/wp-content\/uploads\/2025\/05\/IMG_6175-150x150.jpg 150w, https:\/\/floraharmoni.se\/wp-content\/uploads\/2025\/05\/IMG_6175-768x768.jpg 768w, https:\/\/floraharmoni.se\/wp-content\/uploads\/2025\/05\/IMG_6175-1536x1536.jpg 1536w, https:\/\/floraharmoni.se\/wp-content\/uploads\/2025\/05\/IMG_6175-2048x2048.jpg 2048w, https:\/\/floraharmoni.se\/wp-content\/uploads\/2025\/05\/IMG_6175-1140x1140.jpg 1140w, https:\/\/floraharmoni.se\/wp-content\/uploads\/2025\/05\/IMG_6175-75x75.jpg 75w, https:\/\/floraharmoni.se\/wp-content\/uploads\/2025\/05\/IMG_6175-600x600.jpg 600w, https:\/\/floraharmoni.se\/wp-content\/uploads\/2025\/05\/IMG_6175-100x100.jpg 100w\" sizes=\"auto, (max-width: 2560px) 100vw, 2560px\" \/><\/figure>\n\n\n\n<figure class=\"wp-block-image size-full\"><img loading=\"lazy\" decoding=\"async\" width=\"2560\" height=\"2560\" data-id=\"271\" src=\"https:\/\/floraharmoni.se\/wp-content\/uploads\/2025\/05\/IMG_5891-scaled.jpg\" alt=\"\" class=\"wp-image-271\" srcset=\"https:\/\/floraharmoni.se\/wp-content\/uploads\/2025\/05\/IMG_5891-scaled.jpg 2560w, https:\/\/floraharmoni.se\/wp-content\/uploads\/2025\/05\/IMG_5891-300x300.jpg 300w, https:\/\/floraharmoni.se\/wp-content\/uploads\/2025\/05\/IMG_5891-1024x1024.jpg 1024w, https:\/\/floraharmoni.se\/wp-content\/uploads\/2025\/05\/IMG_5891-150x150.jpg 150w, https:\/\/floraharmoni.se\/wp-content\/uploads\/2025\/05\/IMG_5891-768x768.jpg 768w, https:\/\/floraharmoni.se\/wp-content\/uploads\/2025\/05\/IMG_5891-1536x1536.jpg 1536w, https:\/\/floraharmoni.se\/wp-content\/uploads\/2025\/05\/IMG_5891-2048x2048.jpg 2048w, https:\/\/floraharmoni.se\/wp-content\/uploads\/2025\/05\/IMG_5891-1140x1140.jpg 1140w, https:\/\/floraharmoni.se\/wp-content\/uploads\/2025\/05\/IMG_5891-75x75.jpg 75w, https:\/\/floraharmoni.se\/wp-content\/uploads\/2025\/05\/IMG_5891-600x600.jpg 600w, https:\/\/floraharmoni.se\/wp-content\/uploads\/2025\/05\/IMG_5891-100x100.jpg 100w\" sizes=\"auto, (max-width: 2560px) 100vw, 2560px\" \/><\/figure>\n\n\n\n<figure class=\"wp-block-image size-full\"><img loading=\"lazy\" decoding=\"async\" width=\"2560\" height=\"2560\" data-id=\"272\" src=\"https:\/\/floraharmoni.se\/wp-content\/uploads\/2025\/05\/IMG_6363-scaled.jpeg\" alt=\"\" class=\"wp-image-272\" srcset=\"https:\/\/floraharmoni.se\/wp-content\/uploads\/2025\/05\/IMG_6363-scaled.jpeg 2560w, https:\/\/floraharmoni.se\/wp-content\/uploads\/2025\/05\/IMG_6363-300x300.jpeg 300w, https:\/\/floraharmoni.se\/wp-content\/uploads\/2025\/05\/IMG_6363-1024x1024.jpeg 1024w, https:\/\/floraharmoni.se\/wp-content\/uploads\/2025\/05\/IMG_6363-150x150.jpeg 150w, https:\/\/floraharmoni.se\/wp-content\/uploads\/2025\/05\/IMG_6363-768x768.jpeg 768w, https:\/\/floraharmoni.se\/wp-content\/uploads\/2025\/05\/IMG_6363-1536x1536.jpeg 1536w, https:\/\/floraharmoni.se\/wp-content\/uploads\/2025\/05\/IMG_6363-2048x2048.jpeg 2048w, https:\/\/floraharmoni.se\/wp-content\/uploads\/2025\/05\/IMG_6363-1140x1140.jpeg 1140w, https:\/\/floraharmoni.se\/wp-content\/uploads\/2025\/05\/IMG_6363-75x75.jpeg 75w, https:\/\/floraharmoni.se\/wp-content\/uploads\/2025\/05\/IMG_6363-600x600.jpeg 600w, https:\/\/floraharmoni.se\/wp-content\/uploads\/2025\/05\/IMG_6363-100x100.jpeg 100w\" sizes=\"auto, (max-width: 2560px) 100vw, 2560px\" \/><\/figure>\n<\/figure>\n\n\n\n<div class=\"wp-block-group alignwide\"><div class=\"wp-block-group__inner-container is-layout-constrained wp-container-core-group-is-layout-b0c428d9 wp-block-group-is-layout-constrained\">\n<div style=\"height:100px\" aria-hidden=\"true\" class=\"wp-block-spacer\"><\/div>\n\n\n\n<h2 class=\"wp-block-heading has-text-align-center\">V\u00e4lkommen till Flora Harmoni! <\/h2>\n\n\n\n<p class=\"has-text-align-center\">Hos mig kan du k\u00f6pa buketter, blomsterarrangemang, g\u00e5-bort-presenter och n\u00e4rodlade plantor i s\u00e4song. Eller varf\u00f6r inte boka in en bukettbindarkv\u00e4ll med v\u00e4nnerna hemma hos mig?<br>Jag har en mindre snittblomsodling i min tr\u00e4dg\u00e5rd och under blomsters\u00e4songen april till oktober har jag gl\u00e4djen att erbjuda n\u00e4rodlade blommor i mina buketter och arrangemang. <\/p>\n\n\n\n<p class=\"has-text-align-center\">Blommor som odlas i Sverige \u00e4r inte bara b\u00e4ttre f\u00f6r milj\u00f6n utan h\u00e5ller ocks\u00e5 l\u00e4ngre i vasen hos dig. Jag kan dessutom garantera att de \u00e4r odlade med massor av k\u00e4rlek och omtanke.<\/p>\n\n\n\n<p class=\"has-text-align-center\">Vi utf\u00f6r inga hemleveranser utan alla f\u00f6rbest\u00e4llda buketter och arrangemang h\u00e4mtas hos oss i Blomsterboden enligt \u00f6verrenskommelse.<\/p>\n\n\n\n<div class=\"wp-block-buttons is-content-justification-center is-layout-flex wp-container-core-buttons-is-layout-16018d1d wp-block-buttons-is-layout-flex\">\n<div class=\"wp-block-button\"><a class=\"wp-block-button__link wp-element-button\" href=\"https:\/\/floraharmoni.se\/?page_id=288\">Om Blomsterboden<\/a><\/div>\n<\/div>\n\n\n\n<div style=\"height:100px\" aria-hidden=\"true\" class=\"wp-block-spacer\"><\/div>\n\n\n\n<div class=\"wp-block-columns alignwide has-background is-layout-flex wp-container-core-columns-is-layout-9d6595d7 wp-block-columns-is-layout-flex\" style=\"background-color:#ffedf5\">\n<div class=\"wp-block-column is-layout-flow wp-block-column-is-layout-flow\" style=\"flex-basis:58%\">\n<figure class=\"wp-block-image size-large is-resized is-style-rounded\"><img loading=\"lazy\" decoding=\"async\" width=\"1024\" height=\"1022\" src=\"https:\/\/floraharmoni.se\/wp-content\/uploads\/2024\/04\/IMG_6072-1-1024x1022.jpg\" alt=\"\" class=\"wp-image-136\" style=\"width:416px;height:auto\" srcset=\"https:\/\/floraharmoni.se\/wp-content\/uploads\/2024\/04\/IMG_6072-1-1024x1022.jpg 1024w, https:\/\/floraharmoni.se\/wp-content\/uploads\/2024\/04\/IMG_6072-1-300x300.jpg 300w, https:\/\/floraharmoni.se\/wp-content\/uploads\/2024\/04\/IMG_6072-1-150x150.jpg 150w, https:\/\/floraharmoni.se\/wp-content\/uploads\/2024\/04\/IMG_6072-1-768x766.jpg 768w, https:\/\/floraharmoni.se\/wp-content\/uploads\/2024\/04\/IMG_6072-1-1536x1532.jpg 1536w, https:\/\/floraharmoni.se\/wp-content\/uploads\/2024\/04\/IMG_6072-1-2048x2043.jpg 2048w, https:\/\/floraharmoni.se\/wp-content\/uploads\/2024\/04\/IMG_6072-1-600x599.jpg 600w, https:\/\/floraharmoni.se\/wp-content\/uploads\/2024\/04\/IMG_6072-1-100x100.jpg 100w\" sizes=\"auto, (max-width: 1024px) 100vw, 1024px\" \/><\/figure>\n<\/div>\n\n\n\n<div class=\"wp-block-column is-vertically-aligned-center is-layout-flow wp-block-column-is-layout-flow\">\n<h2 class=\"wp-block-heading\">Om Mig<\/h2>\n\n\n\n<p class=\"has-text-color has-inter-font-family\" style=\"color:#000000;font-size:22px;font-style:normal;font-weight:300;line-height:1.3\">Jag som driver denna lilla verksamhet, som b\u00f6rjade med en liten Blomsterbod 2023, heter Frida. Blommor har alltid givit mig s\u00e5 mycket gl\u00e4dje och jag ser fram mot att dela den gl\u00e4djen med er!<\/p>\n\n\n\n<h2 class=\"wp-block-heading has-medium-font-size\"><em>H\u00e4lsningar Frida<\/em><\/h2>\n<\/div>\n<\/div>\n<\/div><\/div>\n\n\n\n<div class=\"wp-block-buttons is-layout-flex wp-block-buttons-is-layout-flex\"><\/div>\n","protected":false},"excerpt":{"rendered":"<p>V\u00e4lkommen till Flora Harmoni! Hos mig kan du k\u00f6pa buketter, blomsterarrangemang, g\u00e5-bort-presenter och n\u00e4rodlade plantor i s\u00e4song. Eller varf\u00f6r inte boka in en bukettbindarkv\u00e4ll med v\u00e4nnerna hemma hos mig?Jag har en mindre snittblomsodling i min tr\u00e4dg\u00e5rd och under blomsters\u00e4songen april till oktober har jag gl\u00e4djen att erbjuda n\u00e4rodlade blommor i mina buketter och arrangemang. Blommor som odlas i Sverige \u00e4r inte bara b\u00e4ttre f\u00f6r milj\u00f6n utan h\u00e5ller ocks\u00e5 l\u00e4ngre i vasen hos dig. Jag kan dessutom garantera att de \u00e4r odlade med massor av k\u00e4rlek och omtanke. Vi utf\u00f6r inga hemleveranser utan alla f\u00f6rbest\u00e4llda buketter och arrangemang h\u00e4mtas hos oss i Blomsterboden enligt \u00f6verrenskommelse. Om Mig Jag som driver denna lilla verksamhet, som b\u00f6rjade med en liten Blomsterbod 2023, heter Frida. Blommor har alltid givit mig s\u00e5 mycket gl\u00e4dje och jag ser fram mot att dela den gl\u00e4djen med er! H\u00e4lsningar Frida<\/p>\n","protected":false},"author":1,"featured_media":0,"parent":0,"menu_order":0,"comment_status":"closed","ping_status":"closed","template":"","meta":{"footnotes":""},"class_list":["post-128","page","type-page","status-publish","hentry"],"jetpack_sharing_enabled":true,"_links":{"self":[{"href":"https:\/\/floraharmoni.se\/index.php?rest_route=\/wp\/v2\/pages\/128","targetHints":{"allow":["GET"]}}],"collection":[{"href":"https:\/\/floraharmoni.se\/index.php?rest_route=\/wp\/v2\/pages"}],"about":[{"href":"https:\/\/floraharmoni.se\/index.php?rest_route=\/wp\/v2\/types\/page"}],"author":[{"embeddable":true,"href":"https:\/\/floraharmoni.se\/index.php?rest_route=\/wp\/v2\/users\/1"}],"replies":[{"embeddable":true,"href":"https:\/\/floraharmoni.se\/index.php?rest_route=%2Fwp%2Fv2%2Fcomments&post=128"}],"version-history":[{"count":15,"href":"https:\/\/floraharmoni.se\/index.php?rest_route=\/wp\/v2\/pages\/128\/revisions"}],"predecessor-version":[{"id":304,"href":"https:\/\/floraharmoni.se\/index.php?rest_route=\/wp\/v2\/pages\/128\/revisions\/304"}],"wp:attachment":[{"href":"https:\/\/floraharmoni.se\/index.php?rest_route=%2Fwp%2Fv2%2Fmedia&parent=128"}],"curies":[{"name":"wp","href":"https:\/\/api.w.org\/{rel}","templated":true}]}}